{"id":862,"date":"2025-01-10T01:12:02","date_gmt":"2025-01-10T06:12:02","guid":{"rendered":"https:\/\/roseamor.com\/?page_id=862"},"modified":"2025-06-25T15:30:51","modified_gmt":"2025-06-25T20:30:51","slug":"finished-products","status":"publish","type":"page","link":"https:\/\/roseamor.com\/es\/finished-products\/","title":{"rendered":"Productos terminados"},"content":{"rendered":"<div data-elementor-type=\"wp-page\" data-elementor-id=\"862\" class=\"elementor elementor-862\" data-elementor-post-type=\"page\">\n\t\t\t\t\t\t<section class=\"elementor-section elementor-top-section elementor-element elementor-element-a4564fa elementor-section-full_width elementor-section-height-min-height elementor-section-height-default elementor-section-items-middle\" data-id=\"a4564fa\" data-element_type=\"section\" data-e-type=\"section\" data-settings=\"{&quot;background_background&quot;:&quot;classic&quot;}\">\n\t\t\t\t\t\t\t<div class=\"elementor-background-overlay\"><\/div>\n\t\t\t\t\t\t\t<div class=\"elementor-container elementor-column-gap-default\">\n\t\t\t\t\t<div class=\"elementor-column elementor-col-100 elementor-top-column elementor-element elementor-element-516922e\" data-id=\"516922e\" data-element_type=\"column\" data-e-type=\"column\">\n\t\t\t<div class=\"elementor-widget-wrap elementor-element-populated\">\n\t\t\t\t\t\t<div class=\"elementor-element elementor-element-5b2e6ca elementor-widget elementor-widget-heading\" data-id=\"5b2e6ca\" data-element_type=\"widget\" data-e-type=\"widget\" data-widget_type=\"heading.default\">\n\t\t\t\t<div class=\"elementor-widget-container\">\n\t\t\t\t\t<h1 class=\"elementor-heading-title elementor-size-default\">PRODUCTOS TERMINADOS<\/h1>\t\t\t\t<\/div>\n\t\t\t\t<\/div>\n\t\t\t\t\t<\/div>\n\t\t<\/div>\n\t\t\t\t\t<\/div>\n\t\t<\/section>\n\t\t\t\t<section class=\"elementor-section elementor-top-section elementor-element elementor-element-e7cca3d elementor-section-boxed elementor-section-height-default elementor-section-height-default\" data-id=\"e7cca3d\" data-element_type=\"section\" data-e-type=\"section\">\n\t\t\t\t\t\t<div class=\"elementor-container elementor-column-gap-default\">\n\t\t\t\t\t<div class=\"elementor-column elementor-col-100 elementor-top-column elementor-element elementor-element-57072ba\" data-id=\"57072ba\" data-element_type=\"column\" data-e-type=\"column\">\n\t\t\t<div class=\"elementor-widget-wrap elementor-element-populated\">\n\t\t\t\t\t\t<div class=\"elementor-element elementor-element-be2ff49 elementor-widget elementor-widget-text-editor\" data-id=\"be2ff49\" data-element_type=\"widget\" data-e-type=\"widget\" data-widget_type=\"text-editor.default\">\n\t\t\t\t<div class=\"elementor-widget-container\">\n\t\t\t\t\t\t\t\t\t<p style=\"font-weight: 400;\" class=\"translation-block\">Explora nuestra impresionante l\u00ednea de productos terminados hechos con rosas ecuatorianas 100% naturales. Estos productos est\u00e1n dise\u00f1ados para impresionar y listos para ser vendidos al consumidor final. Con un enfoque en la calidad y la elegancia, nuestras creaciones est\u00e1n hechas para durar, mostrando la belleza de las flores naturales de larga duraci\u00f3n. Perfectos para eventos como bodas, o para regalar, estos productos est\u00e1n disponibles para su distribuci\u00f3n global, aportando un encanto atemporal a clientes de todo el mundo.<\/p>\t\t\t\t\t\t\t\t<\/div>\n\t\t\t\t<\/div>\n\t\t\t\t\t<\/div>\n\t\t<\/div>\n\t\t\t\t\t<\/div>\n\t\t<\/section>\n\t\t\t\t<section class=\"elementor-section elementor-top-section elementor-element elementor-element-4992c9b elementor-section-boxed elementor-section-height-default elementor-section-height-default\" data-id=\"4992c9b\" data-element_type=\"section\" data-e-type=\"section\">\n\t\t\t\t\t\t<div class=\"elementor-container elementor-column-gap-default\">\n\t\t\t\t\t<div class=\"elementor-column elementor-col-33 elementor-top-column elementor-element elementor-element-ce66b19\" data-id=\"ce66b19\" data-element_type=\"column\" data-e-type=\"column\" data-settings=\"{&quot;background_background&quot;:&quot;classic&quot;}\">\n\t\t\t<div class=\"elementor-widget-wrap elementor-element-populated\">\n\t\t\t\t\t\t<div class=\"elementor-element elementor-element-4a9efb4 elementor-widget elementor-widget-heading\" data-id=\"4a9efb4\" data-element_type=\"widget\" data-e-type=\"widget\" data-widget_type=\"heading.default\">\n\t\t\t\t<div class=\"elementor-widget-container\">\n\t\t\t\t\t<h2 class=\"elementor-heading-title elementor-size-default\">Stem + flower<\/h2>\t\t\t\t<\/div>\n\t\t\t\t<\/div>\n\t\t\t\t<div class=\"elementor-element elementor-element-b394835 elementor-widget elementor-widget-image\" data-id=\"b394835\" data-element_type=\"widget\" data-e-type=\"widget\" data-widget_type=\"image.default\">\n\t\t\t\t<div class=\"elementor-widget-container\">\n\t\t\t\t\t\t\t\t\t\t\t\t\t\t\t<img fetchpriority=\"high\" decoding=\"async\" width=\"500\" height=\"500\" src=\"https:\/\/roseamor.com\/wp-content\/uploads\/2025\/01\/Stemflower.jpg\" class=\"attachment-large size-large wp-image-1222\" alt=\"\" srcset=\"https:\/\/roseamor.com\/wp-content\/uploads\/2025\/01\/Stemflower.jpg 500w, https:\/\/roseamor.com\/wp-content\/uploads\/2025\/01\/Stemflower-300x300.jpg 300w, https:\/\/roseamor.com\/wp-content\/uploads\/2025\/01\/Stemflower-150x150.jpg 150w\" sizes=\"(max-width: 500px) 100vw, 500px\" \/>\t\t\t\t\t\t\t\t\t\t\t\t\t\t\t<\/div>\n\t\t\t\t<\/div>\n\t\t\t\t<div class=\"elementor-element elementor-element-3fdb92d elementor-widget elementor-widget-text-editor\" data-id=\"3fdb92d\" data-element_type=\"widget\" data-e-type=\"widget\" data-widget_type=\"text-editor.default\">\n\t\t\t\t<div class=\"elementor-widget-container\">\n\t\t\t\t\t\t\t\t\t<p style=\"font-weight: 400;\" class=\"translation-block\">Preservar la naturaleza es nuestra especialidad. Las impresionantes rosas preservadas son a\u00fan m\u00e1s cautivadoras cuando se combinan con nuestros hermosos tallos preservados. Producimos estos tallos en tres tama\u00f1os est\u00e1ndar, perfectamente combinados para complementar cualquiera de nuestros colores y efectos.<\/p><p style=\"font-weight: 400;\" class=\"translation-block\">Nuestros tallos preservados no tienen espinas, son 100% naturales y se cultivan con orgullo localmente en Cayambe, Ecuador.<\/p>\t\t\t\t\t\t\t\t<\/div>\n\t\t\t\t<\/div>\n\t\t\t\t<div class=\"elementor-element elementor-element-e23f020 elementor-align-center elementor-widget elementor-widget-button\" data-id=\"e23f020\" data-element_type=\"widget\" data-e-type=\"widget\" data-widget_type=\"button.default\">\n\t\t\t\t<div class=\"elementor-widget-container\">\n\t\t\t\t\t\t\t\t\t<div class=\"elementor-button-wrapper\">\n\t\t\t\t\t<a class=\"elementor-button elementor-button-link elementor-size-sm elementor-animation-grow\" href=\"https:\/\/roseamor.com\/es\/stem-flower\/\">\n\t\t\t\t\t\t<span class=\"elementor-button-content-wrapper\">\n\t\t\t\t\t\t\t\t\t<span class=\"elementor-button-text\">M\u00e1s Informaci\u00f3n<\/span>\n\t\t\t\t\t<\/span>\n\t\t\t\t\t<\/a>\n\t\t\t\t<\/div>\n\t\t\t\t\t\t\t\t<\/div>\n\t\t\t\t<\/div>\n\t\t\t\t\t<\/div>\n\t\t<\/div>\n\t\t\t\t<div class=\"elementor-column elementor-col-33 elementor-top-column elementor-element elementor-element-3807210\" data-id=\"3807210\" data-element_type=\"column\" data-e-type=\"column\" data-settings=\"{&quot;background_background&quot;:&quot;classic&quot;}\">\n\t\t\t<div class=\"elementor-widget-wrap elementor-element-populated\">\n\t\t\t\t\t\t<div class=\"elementor-element elementor-element-3f8a796 elementor-widget elementor-widget-heading\" data-id=\"3f8a796\" data-element_type=\"widget\" data-e-type=\"widget\" data-widget_type=\"heading.default\">\n\t\t\t\t<div class=\"elementor-widget-container\">\n\t\t\t\t\t<h2 class=\"elementor-heading-title elementor-size-default\">Gift box<\/h2>\t\t\t\t<\/div>\n\t\t\t\t<\/div>\n\t\t\t\t<div class=\"elementor-element elementor-element-84357bd elementor-widget elementor-widget-image\" data-id=\"84357bd\" data-element_type=\"widget\" data-e-type=\"widget\" data-widget_type=\"image.default\">\n\t\t\t\t<div class=\"elementor-widget-container\">\n\t\t\t\t\t\t\t\t\t\t\t\t\t\t\t<img decoding=\"async\" width=\"800\" height=\"800\" src=\"https:\/\/roseamor.com\/wp-content\/uploads\/2025\/04\/GB14-HRT-1024x1024.png\" class=\"attachment-large size-large wp-image-4132\" alt=\"\" srcset=\"https:\/\/roseamor.com\/wp-content\/uploads\/2025\/04\/GB14-HRT-1024x1024.png 1024w, https:\/\/roseamor.com\/wp-content\/uploads\/2025\/04\/GB14-HRT-300x300.png 300w, https:\/\/roseamor.com\/wp-content\/uploads\/2025\/04\/GB14-HRT-150x150.png 150w, https:\/\/roseamor.com\/wp-content\/uploads\/2025\/04\/GB14-HRT-768x768.png 768w, https:\/\/roseamor.com\/wp-content\/uploads\/2025\/04\/GB14-HRT-12x12.png 12w, https:\/\/roseamor.com\/wp-content\/uploads\/2025\/04\/GB14-HRT.png 1080w\" sizes=\"(max-width: 800px) 100vw, 800px\" \/>\t\t\t\t\t\t\t\t\t\t\t\t\t\t\t<\/div>\n\t\t\t\t<\/div>\n\t\t\t\t<div class=\"elementor-element elementor-element-7dbd431 elementor-widget elementor-widget-text-editor\" data-id=\"7dbd431\" data-element_type=\"widget\" data-e-type=\"widget\" data-widget_type=\"text-editor.default\">\n\t\t\t\t<div class=\"elementor-widget-container\">\n\t\t\t\t\t\t\t\t\t<div class=\"elementor-element elementor-element-9f4235e elementor-widget elementor-widget-text-editor\" data-id=\"9f4235e\" data-element_type=\"widget\" data-widget_type=\"text-editor.default\"><div class=\"elementor-widget-container\"><p class=\"translation-block\">Conserve momentos especiales con las exclusivas Cajas de Regalo RoseAmor. Son detalles sublimes para compartir en aquellas instancias que marcar\u00e1n su vida. Nuestra variedad de cajas vienen con rosas disponibles en diferentes colores y tama\u00f1os, elige con qu\u00e9 rosa quieres expresarte.<\/p><\/div><\/div>\t\t\t\t\t\t\t\t<\/div>\n\t\t\t\t<\/div>\n\t\t\t\t<div class=\"elementor-element elementor-element-fe72758 elementor-align-center elementor-widget elementor-widget-button\" data-id=\"fe72758\" data-element_type=\"widget\" data-e-type=\"widget\" data-widget_type=\"button.default\">\n\t\t\t\t<div class=\"elementor-widget-container\">\n\t\t\t\t\t\t\t\t\t<div class=\"elementor-button-wrapper\">\n\t\t\t\t\t<a class=\"elementor-button elementor-button-link elementor-size-sm elementor-animation-grow\" href=\"https:\/\/roseamor.com\/es\/gift-boxes\/\">\n\t\t\t\t\t\t<span class=\"elementor-button-content-wrapper\">\n\t\t\t\t\t\t\t\t\t<span class=\"elementor-button-text\">M\u00e1s informaci\u00f3n<\/span>\n\t\t\t\t\t<\/span>\n\t\t\t\t\t<\/a>\n\t\t\t\t<\/div>\n\t\t\t\t\t\t\t\t<\/div>\n\t\t\t\t<\/div>\n\t\t\t\t\t<\/div>\n\t\t<\/div>\n\t\t\t\t<div class=\"elementor-column elementor-col-33 elementor-top-column elementor-element elementor-element-66aa044\" data-id=\"66aa044\" data-element_type=\"column\" data-e-type=\"column\" data-settings=\"{&quot;background_background&quot;:&quot;classic&quot;}\">\n\t\t\t<div class=\"elementor-widget-wrap elementor-element-populated\">\n\t\t\t\t\t\t<div class=\"elementor-element elementor-element-52523f3 elementor-widget elementor-widget-heading\" data-id=\"52523f3\" data-element_type=\"widget\" data-e-type=\"widget\" data-widget_type=\"heading.default\">\n\t\t\t\t<div class=\"elementor-widget-container\">\n\t\t\t\t\t<h2 class=\"elementor-heading-title elementor-size-default\">Displays<\/h2>\t\t\t\t<\/div>\n\t\t\t\t<\/div>\n\t\t\t\t<div class=\"elementor-element elementor-element-e5046de elementor-widget elementor-widget-image\" data-id=\"e5046de\" data-element_type=\"widget\" data-e-type=\"widget\" data-widget_type=\"image.default\">\n\t\t\t\t<div class=\"elementor-widget-container\">\n\t\t\t\t\t\t\t\t\t\t\t\t\t\t\t<img decoding=\"async\" width=\"800\" height=\"800\" src=\"https:\/\/roseamor.com\/wp-content\/uploads\/2025\/06\/DISPLAY-BIRDIE_WEB.jpg\" class=\"attachment-large size-large wp-image-4614\" alt=\"\" srcset=\"https:\/\/roseamor.com\/wp-content\/uploads\/2025\/06\/DISPLAY-BIRDIE_WEB.jpg 1000w, https:\/\/roseamor.com\/wp-content\/uploads\/2025\/06\/DISPLAY-BIRDIE_WEB-300x300.jpg 300w, https:\/\/roseamor.com\/wp-content\/uploads\/2025\/06\/DISPLAY-BIRDIE_WEB-150x150.jpg 150w, https:\/\/roseamor.com\/wp-content\/uploads\/2025\/06\/DISPLAY-BIRDIE_WEB-768x768.jpg 768w, https:\/\/roseamor.com\/wp-content\/uploads\/2025\/06\/DISPLAY-BIRDIE_WEB-12x12.jpg 12w\" sizes=\"(max-width: 800px) 100vw, 800px\" \/>\t\t\t\t\t\t\t\t\t\t\t\t\t\t\t<\/div>\n\t\t\t\t<\/div>\n\t\t\t\t<div class=\"elementor-element elementor-element-f2077a5 elementor-widget elementor-widget-text-editor\" data-id=\"f2077a5\" data-element_type=\"widget\" data-e-type=\"widget\" data-widget_type=\"text-editor.default\">\n\t\t\t\t<div class=\"elementor-widget-container\">\n\t\t\t\t\t\t\t\t\t<div class=\"elementor-element elementor-element-9f4235e elementor-widget elementor-widget-text-editor\" data-id=\"9f4235e\" data-element_type=\"widget\" data-widget_type=\"text-editor.default\"><div class=\"elementor-widget-container\"><p class=\"translation-block\">Estas cajas de regalo RoseAmor tambi\u00e9n est\u00e1n disponibles en exhibidores. Est\u00e1n listas para su venta al consumidor final a trav\u00e9s de supermercados, grandes almacenes, etc.<\/p><p class=\"translation-block\">Explora nuestra selecci\u00f3n de detalles exclusivos realizados con flores naturales de larga duraci\u00f3n.<\/p><\/div><\/div>\t\t\t\t\t\t\t\t<\/div>\n\t\t\t\t<\/div>\n\t\t\t\t<div class=\"elementor-element elementor-element-5733554 elementor-align-center elementor-widget elementor-widget-button\" data-id=\"5733554\" data-element_type=\"widget\" data-e-type=\"widget\" data-widget_type=\"button.default\">\n\t\t\t\t<div class=\"elementor-widget-container\">\n\t\t\t\t\t\t\t\t\t<div class=\"elementor-button-wrapper\">\n\t\t\t\t\t<a class=\"elementor-button elementor-button-link elementor-size-sm elementor-animation-grow\" href=\"https:\/\/roseamor.com\/es\/display-gift-boxes\/\">\n\t\t\t\t\t\t<span class=\"elementor-button-content-wrapper\">\n\t\t\t\t\t\t\t\t\t<span class=\"elementor-button-text\">M\u00e1s informaci\u00f3n<\/span>\n\t\t\t\t\t<\/span>\n\t\t\t\t\t<\/a>\n\t\t\t\t<\/div>\n\t\t\t\t\t\t\t\t<\/div>\n\t\t\t\t<\/div>\n\t\t\t\t\t<\/div>\n\t\t<\/div>\n\t\t\t\t\t<\/div>\n\t\t<\/section>\n\t\t\t\t<section class=\"elementor-section elementor-top-section elementor-element elementor-element-88d0e62 elementor-section-boxed elementor-section-height-default elementor-section-height-default\" data-id=\"88d0e62\" data-element_type=\"section\" data-e-type=\"section\">\n\t\t\t\t\t\t<div class=\"elementor-container elementor-column-gap-default\">\n\t\t\t\t\t<div class=\"elementor-column elementor-col-33 elementor-top-column elementor-element elementor-element-e6f83b1\" data-id=\"e6f83b1\" data-element_type=\"column\" data-e-type=\"column\" data-settings=\"{&quot;background_background&quot;:&quot;classic&quot;}\">\n\t\t\t<div class=\"elementor-widget-wrap elementor-element-populated\">\n\t\t\t\t\t\t<div class=\"elementor-element elementor-element-665a734 elementor-widget elementor-widget-heading\" data-id=\"665a734\" data-element_type=\"widget\" data-e-type=\"widget\" data-widget_type=\"heading.default\">\n\t\t\t\t<div class=\"elementor-widget-container\">\n\t\t\t\t\t<h2 class=\"elementor-heading-title elementor-size-default\">Domos<\/h2>\t\t\t\t<\/div>\n\t\t\t\t<\/div>\n\t\t\t\t<div class=\"elementor-element elementor-element-ed9e222 elementor-widget elementor-widget-image\" data-id=\"ed9e222\" data-element_type=\"widget\" data-e-type=\"widget\" data-widget_type=\"image.default\">\n\t\t\t\t<div class=\"elementor-widget-container\">\n\t\t\t\t\t\t\t\t\t\t\t\t\t\t\t<img loading=\"lazy\" decoding=\"async\" width=\"800\" height=\"800\" src=\"https:\/\/roseamor.com\/wp-content\/uploads\/2025\/04\/DOME-VALENTINA-1024x1024.png\" class=\"attachment-large size-large wp-image-4135\" alt=\"\" srcset=\"https:\/\/roseamor.com\/wp-content\/uploads\/2025\/04\/DOME-VALENTINA-1024x1024.png 1024w, https:\/\/roseamor.com\/wp-content\/uploads\/2025\/04\/DOME-VALENTINA-300x300.png 300w, https:\/\/roseamor.com\/wp-content\/uploads\/2025\/04\/DOME-VALENTINA-150x150.png 150w, https:\/\/roseamor.com\/wp-content\/uploads\/2025\/04\/DOME-VALENTINA-768x768.png 768w, https:\/\/roseamor.com\/wp-content\/uploads\/2025\/04\/DOME-VALENTINA-12x12.png 12w, https:\/\/roseamor.com\/wp-content\/uploads\/2025\/04\/DOME-VALENTINA.png 1080w\" sizes=\"(max-width: 800px) 100vw, 800px\" \/>\t\t\t\t\t\t\t\t\t\t\t\t\t\t\t<\/div>\n\t\t\t\t<\/div>\n\t\t\t\t<div class=\"elementor-element elementor-element-eca435d elementor-widget elementor-widget-text-editor\" data-id=\"eca435d\" data-element_type=\"widget\" data-e-type=\"widget\" data-widget_type=\"text-editor.default\">\n\t\t\t\t<div class=\"elementor-widget-container\">\n\t\t\t\t\t\t\t\t\t<p style=\"font-weight: 400;\" class=\"translation-block\">C\u00fapulas m\u00e1gicas de cristal con flores preservadas. Estos regalos son tendencia dentro del mundo de los recuerdos florales. Todos ellos vienen con flores preservadas RoseAmor. Belleza eterna dentro de una c\u00fapula de cristal.<\/p>\t\t\t\t\t\t\t\t<\/div>\n\t\t\t\t<\/div>\n\t\t\t\t<div class=\"elementor-element elementor-element-b8daf24 elementor-align-center elementor-widget elementor-widget-button\" data-id=\"b8daf24\" data-element_type=\"widget\" data-e-type=\"widget\" data-widget_type=\"button.default\">\n\t\t\t\t<div class=\"elementor-widget-container\">\n\t\t\t\t\t\t\t\t\t<div class=\"elementor-button-wrapper\">\n\t\t\t\t\t<a class=\"elementor-button elementor-button-link elementor-size-sm elementor-animation-grow\" href=\"https:\/\/roseamor.com\/es\/dome\/\">\n\t\t\t\t\t\t<span class=\"elementor-button-content-wrapper\">\n\t\t\t\t\t\t\t\t\t<span class=\"elementor-button-text\">M\u00e1s informaci\u00f3n<\/span>\n\t\t\t\t\t<\/span>\n\t\t\t\t\t<\/a>\n\t\t\t\t<\/div>\n\t\t\t\t\t\t\t\t<\/div>\n\t\t\t\t<\/div>\n\t\t\t\t\t<\/div>\n\t\t<\/div>\n\t\t\t\t<div class=\"elementor-column elementor-col-33 elementor-top-column elementor-element elementor-element-d027d58\" data-id=\"d027d58\" data-element_type=\"column\" data-e-type=\"column\" data-settings=\"{&quot;background_background&quot;:&quot;classic&quot;}\">\n\t\t\t<div class=\"elementor-widget-wrap elementor-element-populated\">\n\t\t\t\t\t\t<div class=\"elementor-element elementor-element-cef36a2 elementor-widget elementor-widget-heading\" data-id=\"cef36a2\" data-element_type=\"widget\" data-e-type=\"widget\" data-widget_type=\"heading.default\">\n\t\t\t\t<div class=\"elementor-widget-container\">\n\t\t\t\t\t<h2 class=\"elementor-heading-title elementor-size-default\">Deluxe Box<\/h2>\t\t\t\t<\/div>\n\t\t\t\t<\/div>\n\t\t\t\t<div class=\"elementor-element elementor-element-524b3fb elementor-widget elementor-widget-image\" data-id=\"524b3fb\" data-element_type=\"widget\" data-e-type=\"widget\" data-widget_type=\"image.default\">\n\t\t\t\t<div class=\"elementor-widget-container\">\n\t\t\t\t\t\t\t\t\t\t\t\t\t\t\t<img loading=\"lazy\" decoding=\"async\" width=\"800\" height=\"800\" src=\"https:\/\/roseamor.com\/wp-content\/uploads\/2025\/04\/DELUXE-BOX-RED-02-1024x1024.png\" class=\"attachment-large size-large wp-image-4134\" alt=\"\" srcset=\"https:\/\/roseamor.com\/wp-content\/uploads\/2025\/04\/DELUXE-BOX-RED-02-1024x1024.png 1024w, https:\/\/roseamor.com\/wp-content\/uploads\/2025\/04\/DELUXE-BOX-RED-02-300x300.png 300w, https:\/\/roseamor.com\/wp-content\/uploads\/2025\/04\/DELUXE-BOX-RED-02-150x150.png 150w, https:\/\/roseamor.com\/wp-content\/uploads\/2025\/04\/DELUXE-BOX-RED-02-768x768.png 768w, https:\/\/roseamor.com\/wp-content\/uploads\/2025\/04\/DELUXE-BOX-RED-02-12x12.png 12w, https:\/\/roseamor.com\/wp-content\/uploads\/2025\/04\/DELUXE-BOX-RED-02.png 1080w\" sizes=\"(max-width: 800px) 100vw, 800px\" \/>\t\t\t\t\t\t\t\t\t\t\t\t\t\t\t<\/div>\n\t\t\t\t<\/div>\n\t\t\t\t<div class=\"elementor-element elementor-element-aeab18c elementor-widget elementor-widget-text-editor\" data-id=\"aeab18c\" data-element_type=\"widget\" data-e-type=\"widget\" data-widget_type=\"text-editor.default\">\n\t\t\t\t<div class=\"elementor-widget-container\">\n\t\t\t\t\t\t\t\t\t<p style=\"font-weight: 400;\" class=\"translation-block\">Las Cajas Deluxe, tambi\u00e9n conocidas como Cajas Sombrero o Cajas Flor, son uno de los regalos florales m\u00e1s populares del a\u00f1o pasado. Las cajas Deluxe llevan el sello de calidad de RoseAmor. Pueden venir con un solo color de rosa o con varios. Sue\u00f1e a lo grande, sue\u00f1e con una Caja Deluxe de calidad Premium.<\/p>\t\t\t\t\t\t\t\t<\/div>\n\t\t\t\t<\/div>\n\t\t\t\t<div class=\"elementor-element elementor-element-21b14ff elementor-align-center elementor-widget elementor-widget-button\" data-id=\"21b14ff\" data-element_type=\"widget\" data-e-type=\"widget\" data-widget_type=\"button.default\">\n\t\t\t\t<div class=\"elementor-widget-container\">\n\t\t\t\t\t\t\t\t\t<div class=\"elementor-button-wrapper\">\n\t\t\t\t\t<a class=\"elementor-button elementor-button-link elementor-size-sm elementor-animation-grow\" href=\"https:\/\/roseamor.com\/es\/deluxe-box\/\">\n\t\t\t\t\t\t<span class=\"elementor-button-content-wrapper\">\n\t\t\t\t\t\t\t\t\t<span class=\"elementor-button-text\">M\u00e1s informaci\u00f3n<\/span>\n\t\t\t\t\t<\/span>\n\t\t\t\t\t<\/a>\n\t\t\t\t<\/div>\n\t\t\t\t\t\t\t\t<\/div>\n\t\t\t\t<\/div>\n\t\t\t\t\t<\/div>\n\t\t<\/div>\n\t\t\t\t<div class=\"elementor-column elementor-col-33 elementor-top-column elementor-element elementor-element-cfa600c\" data-id=\"cfa600c\" data-element_type=\"column\" data-e-type=\"column\" data-settings=\"{&quot;background_background&quot;:&quot;classic&quot;}\">\n\t\t\t<div class=\"elementor-widget-wrap elementor-element-populated\">\n\t\t\t\t\t\t<div class=\"elementor-element elementor-element-1ade2ec elementor-widget elementor-widget-heading\" data-id=\"1ade2ec\" data-element_type=\"widget\" data-e-type=\"widget\" data-widget_type=\"heading.default\">\n\t\t\t\t<div class=\"elementor-widget-container\">\n\t\t\t\t\t<h2 class=\"elementor-heading-title elementor-size-default\">Eventos<\/h2>\t\t\t\t<\/div>\n\t\t\t\t<\/div>\n\t\t\t\t<div class=\"elementor-element elementor-element-90b773f elementor-widget elementor-widget-image\" data-id=\"90b773f\" data-element_type=\"widget\" data-e-type=\"widget\" data-widget_type=\"image.default\">\n\t\t\t\t<div class=\"elementor-widget-container\">\n\t\t\t\t\t\t\t\t\t\t\t\t\t\t\t<img loading=\"lazy\" decoding=\"async\" width=\"800\" height=\"800\" src=\"https:\/\/roseamor.com\/wp-content\/uploads\/2025\/04\/CORSAGE-BOUTONNERE-1024x1024.png\" class=\"attachment-large size-large wp-image-4133\" alt=\"\" srcset=\"https:\/\/roseamor.com\/wp-content\/uploads\/2025\/04\/CORSAGE-BOUTONNERE-1024x1024.png 1024w, https:\/\/roseamor.com\/wp-content\/uploads\/2025\/04\/CORSAGE-BOUTONNERE-300x300.png 300w, https:\/\/roseamor.com\/wp-content\/uploads\/2025\/04\/CORSAGE-BOUTONNERE-150x150.png 150w, https:\/\/roseamor.com\/wp-content\/uploads\/2025\/04\/CORSAGE-BOUTONNERE-768x768.png 768w, https:\/\/roseamor.com\/wp-content\/uploads\/2025\/04\/CORSAGE-BOUTONNERE-12x12.png 12w, https:\/\/roseamor.com\/wp-content\/uploads\/2025\/04\/CORSAGE-BOUTONNERE.png 1080w\" sizes=\"(max-width: 800px) 100vw, 800px\" \/>\t\t\t\t\t\t\t\t\t\t\t\t\t\t\t<\/div>\n\t\t\t\t<\/div>\n\t\t\t\t<div class=\"elementor-element elementor-element-14bc796 elementor-widget elementor-widget-text-editor\" data-id=\"14bc796\" data-element_type=\"widget\" data-e-type=\"widget\" data-widget_type=\"text-editor.default\">\n\t\t\t\t<div class=\"elementor-widget-container\">\n\t\t\t\t\t\t\t\t\t<div class=\"elementor-element elementor-element-9f4235e elementor-widget elementor-widget-text-editor\" data-id=\"9f4235e\" data-element_type=\"widget\" data-widget_type=\"text-editor.default\"><div class=\"elementor-widget-container\"><p class=\"translation-block\">Celebra los momentos especiales de la vida con flores preservadas que perduran. Ya sea una boda, una gala o cualquier evento inolvidable, nuestros ramos atemporales, elegantes ramilletes, elegantes boutonnieres y m\u00e1s accesorios que a\u00f1adir\u00e1n ese toque perfecto a su celebraci\u00f3n.<\/p><\/div><\/div>\t\t\t\t\t\t\t\t<\/div>\n\t\t\t\t<\/div>\n\t\t\t\t<div class=\"elementor-element elementor-element-a0d67e6 elementor-align-center elementor-widget elementor-widget-button\" data-id=\"a0d67e6\" data-element_type=\"widget\" data-e-type=\"widget\" data-widget_type=\"button.default\">\n\t\t\t\t<div class=\"elementor-widget-container\">\n\t\t\t\t\t\t\t\t\t<div class=\"elementor-button-wrapper\">\n\t\t\t\t\t<a class=\"elementor-button elementor-button-link elementor-size-sm elementor-animation-grow\" href=\"https:\/\/roseamor.com\/es\/events\/\">\n\t\t\t\t\t\t<span class=\"elementor-button-content-wrapper\">\n\t\t\t\t\t\t\t\t\t<span class=\"elementor-button-text\">M\u00e1s informaci\u00f3n<\/span>\n\t\t\t\t\t<\/span>\n\t\t\t\t\t<\/a>\n\t\t\t\t<\/div>\n\t\t\t\t\t\t\t\t<\/div>\n\t\t\t\t<\/div>\n\t\t\t\t\t<\/div>\n\t\t<\/div>\n\t\t\t\t\t<\/div>\n\t\t<\/section>\n\t\t\t\t<\/div>","protected":false},"excerpt":{"rendered":"<p class=\"translation-block\">Explora nuestra impresionante l\u00ednea de productos terminados hechos con rosas ecuatorianas 100% naturales. Estos productos est\u00e1n dise\u00f1ados para impresionar y listos para ser vendidos al consumidor final. Con un enfoque en la calidad y la elegancia, nuestras creaciones est\u00e1n hechas para durar, mostrando la belleza de las flores naturales de larga duraci\u00f3n. Perfectos para eventos como bodas, o para regalar, estos productos est\u00e1n disponibles para su distribuci\u00f3n global, aportando un encanto atemporal a clientes de todo el mundo.<\/p>","protected":false},"author":1,"featured_media":0,"parent":0,"menu_order":0,"comment_status":"closed","ping_status":"closed","template":"","meta":{"footnotes":""},"class_list":["post-862","page","type-page","status-publish","hentry"],"aioseo_notices":[],"_links":{"self":[{"href":"https:\/\/roseamor.com\/es\/wp-json\/wp\/v2\/pages\/862","targetHints":{"allow":["GET"]}}],"collection":[{"href":"https:\/\/roseamor.com\/es\/wp-json\/wp\/v2\/pages"}],"about":[{"href":"https:\/\/roseamor.com\/es\/wp-json\/wp\/v2\/types\/page"}],"author":[{"embeddable":true,"href":"https:\/\/roseamor.com\/es\/wp-json\/wp\/v2\/users\/1"}],"replies":[{"embeddable":true,"href":"https:\/\/roseamor.com\/es\/wp-json\/wp\/v2\/comments?post=862"}],"version-history":[{"count":12,"href":"https:\/\/roseamor.com\/es\/wp-json\/wp\/v2\/pages\/862\/revisions"}],"predecessor-version":[{"id":4620,"href":"https:\/\/roseamor.com\/es\/wp-json\/wp\/v2\/pages\/862\/revisions\/4620"}],"wp:attachment":[{"href":"https:\/\/roseamor.com\/es\/wp-json\/wp\/v2\/media?parent=862"}],"curies":[{"name":"wp","href":"https:\/\/api.w.org\/{rel}","templated":true}]}}