{"id":2580,"date":"2025-02-08T20:28:37","date_gmt":"2025-02-09T01:28:37","guid":{"rendered":"https:\/\/roseamor.com\/?page_id=2580"},"modified":"2025-04-11T16:20:52","modified_gmt":"2025-04-11T21:20:52","slug":"care-tips","status":"publish","type":"page","link":"https:\/\/roseamor.com\/es\/care-tips\/","title":{"rendered":"Cuidados"},"content":{"rendered":"<div data-elementor-type=\"wp-page\" data-elementor-id=\"2580\" class=\"elementor elementor-2580\" data-elementor-post-type=\"page\">\n\t\t\t\t\t\t<section class=\"elementor-section elementor-top-section elementor-element elementor-element-e5e0b0d elementor-section-full_width elementor-section-height-min-height elementor-section-height-default elementor-section-items-middle\" data-id=\"e5e0b0d\" data-element_type=\"section\" data-e-type=\"section\" data-settings=\"{&quot;background_background&quot;:&quot;classic&quot;}\">\n\t\t\t\t\t\t<div class=\"elementor-container elementor-column-gap-default\">\n\t\t\t\t\t<div class=\"elementor-column elementor-col-100 elementor-top-column elementor-element elementor-element-23c4ed8\" data-id=\"23c4ed8\" data-element_type=\"column\" data-e-type=\"column\" data-settings=\"{&quot;background_background&quot;:&quot;classic&quot;}\">\n\t\t\t<div class=\"elementor-widget-wrap elementor-element-populated\">\n\t\t\t\t\t\t<div class=\"elementor-element elementor-element-9270b76 elementor-widget elementor-widget-heading\" data-id=\"9270b76\" data-element_type=\"widget\" data-e-type=\"widget\" data-widget_type=\"heading.default\">\n\t\t\t\t<div class=\"elementor-widget-container\">\n\t\t\t\t\t<h2 class=\"elementor-heading-title elementor-size-default\">Cuidados<\/h2>\t\t\t\t<\/div>\n\t\t\t\t<\/div>\n\t\t\t\t\t<\/div>\n\t\t<\/div>\n\t\t\t\t\t<\/div>\n\t\t<\/section>\n\t\t\t\t<section class=\"elementor-section elementor-top-section elementor-element elementor-element-b1716bc elementor-section-boxed elementor-section-height-default elementor-section-height-default\" data-id=\"b1716bc\" data-element_type=\"section\" data-e-type=\"section\">\n\t\t\t\t\t\t<div class=\"elementor-container elementor-column-gap-default\">\n\t\t\t\t\t<div class=\"elementor-column elementor-col-33 elementor-top-column elementor-element elementor-element-620e221\" data-id=\"620e221\" data-element_type=\"column\" data-e-type=\"column\">\n\t\t\t<div class=\"elementor-widget-wrap elementor-element-populated\">\n\t\t\t\t\t\t<div class=\"elementor-element elementor-element-69f382f elementor-widget elementor-widget-image\" data-id=\"69f382f\" data-element_type=\"widget\" data-e-type=\"widget\" data-widget_type=\"image.default\">\n\t\t\t\t<div class=\"elementor-widget-container\">\n\t\t\t\t\t\t\t\t\t\t\t\t\t\t\t<img fetchpriority=\"high\" decoding=\"async\" width=\"800\" height=\"1000\" src=\"https:\/\/roseamor.com\/wp-content\/uploads\/2025\/02\/No_Water-819x1024.png\" class=\"attachment-large size-large wp-image-2699\" alt=\"\" srcset=\"https:\/\/roseamor.com\/wp-content\/uploads\/2025\/02\/No_Water-819x1024.png 819w, https:\/\/roseamor.com\/wp-content\/uploads\/2025\/02\/No_Water-240x300.png 240w, https:\/\/roseamor.com\/wp-content\/uploads\/2025\/02\/No_Water-768x960.png 768w, https:\/\/roseamor.com\/wp-content\/uploads\/2025\/02\/No_Water.png 1080w\" sizes=\"(max-width: 800px) 100vw, 800px\" \/>\t\t\t\t\t\t\t\t\t\t\t\t\t\t\t<\/div>\n\t\t\t\t<\/div>\n\t\t\t\t<div class=\"elementor-element elementor-element-095b6b7 elementor-widget elementor-widget-text-editor\" data-id=\"095b6b7\" data-element_type=\"widget\" data-e-type=\"widget\" data-widget_type=\"text-editor.default\">\n\t\t\t\t<div class=\"elementor-widget-container\">\n\t\t\t\t\t\t\t\t\t<h4>NO AGUA<\/h4>\t\t\t\t\t\t\t\t<\/div>\n\t\t\t\t<\/div>\n\t\t\t\t\t<\/div>\n\t\t<\/div>\n\t\t\t\t<div class=\"elementor-column elementor-col-33 elementor-top-column elementor-element elementor-element-9302dec\" data-id=\"9302dec\" data-element_type=\"column\" data-e-type=\"column\">\n\t\t\t<div class=\"elementor-widget-wrap elementor-element-populated\">\n\t\t\t\t\t\t<div class=\"elementor-element elementor-element-03c0ae5 elementor-widget elementor-widget-image\" data-id=\"03c0ae5\" data-element_type=\"widget\" data-e-type=\"widget\" data-widget_type=\"image.default\">\n\t\t\t\t<div class=\"elementor-widget-container\">\n\t\t\t\t\t\t\t\t\t\t\t\t\t\t\t<img decoding=\"async\" width=\"800\" height=\"1000\" src=\"https:\/\/roseamor.com\/wp-content\/uploads\/2025\/02\/No_Sun-819x1024.png\" class=\"attachment-large size-large wp-image-2700\" alt=\"\" srcset=\"https:\/\/roseamor.com\/wp-content\/uploads\/2025\/02\/No_Sun-819x1024.png 819w, https:\/\/roseamor.com\/wp-content\/uploads\/2025\/02\/No_Sun-240x300.png 240w, https:\/\/roseamor.com\/wp-content\/uploads\/2025\/02\/No_Sun-768x960.png 768w, https:\/\/roseamor.com\/wp-content\/uploads\/2025\/02\/No_Sun.png 1080w\" sizes=\"(max-width: 800px) 100vw, 800px\" \/>\t\t\t\t\t\t\t\t\t\t\t\t\t\t\t<\/div>\n\t\t\t\t<\/div>\n\t\t\t\t<div class=\"elementor-element elementor-element-539ef89 elementor-widget elementor-widget-text-editor\" data-id=\"539ef89\" data-element_type=\"widget\" data-e-type=\"widget\" data-widget_type=\"text-editor.default\">\n\t\t\t\t<div class=\"elementor-widget-container\">\n\t\t\t\t\t\t\t\t\t<h4>NO SOL<\/h4>\t\t\t\t\t\t\t\t<\/div>\n\t\t\t\t<\/div>\n\t\t\t\t\t<\/div>\n\t\t<\/div>\n\t\t\t\t<div class=\"elementor-column elementor-col-33 elementor-top-column elementor-element elementor-element-d5add66\" data-id=\"d5add66\" data-element_type=\"column\" data-e-type=\"column\">\n\t\t\t<div class=\"elementor-widget-wrap elementor-element-populated\">\n\t\t\t\t\t\t<div class=\"elementor-element elementor-element-c4f8fc0 elementor-widget elementor-widget-image\" data-id=\"c4f8fc0\" data-element_type=\"widget\" data-e-type=\"widget\" data-widget_type=\"image.default\">\n\t\t\t\t<div class=\"elementor-widget-container\">\n\t\t\t\t\t\t\t\t\t\t\t\t\t\t\t<img decoding=\"async\" width=\"800\" height=\"1000\" src=\"https:\/\/roseamor.com\/wp-content\/uploads\/2025\/02\/No_dust-819x1024.png\" class=\"attachment-large size-large wp-image-2701\" alt=\"\" srcset=\"https:\/\/roseamor.com\/wp-content\/uploads\/2025\/02\/No_dust-819x1024.png 819w, https:\/\/roseamor.com\/wp-content\/uploads\/2025\/02\/No_dust-240x300.png 240w, https:\/\/roseamor.com\/wp-content\/uploads\/2025\/02\/No_dust-768x960.png 768w, https:\/\/roseamor.com\/wp-content\/uploads\/2025\/02\/No_dust.png 1080w\" sizes=\"(max-width: 800px) 100vw, 800px\" \/>\t\t\t\t\t\t\t\t\t\t\t\t\t\t\t<\/div>\n\t\t\t\t<\/div>\n\t\t\t\t<div class=\"elementor-element elementor-element-5f923b3 elementor-widget elementor-widget-text-editor\" data-id=\"5f923b3\" data-element_type=\"widget\" data-e-type=\"widget\" data-widget_type=\"text-editor.default\">\n\t\t\t\t<div class=\"elementor-widget-container\">\n\t\t\t\t\t\t\t\t\t<h4>NO POLVO<\/h4>\t\t\t\t\t\t\t\t<\/div>\n\t\t\t\t<\/div>\n\t\t\t\t\t<\/div>\n\t\t<\/div>\n\t\t\t\t\t<\/div>\n\t\t<\/section>\n\t\t\t\t<section class=\"elementor-section elementor-top-section elementor-element elementor-element-dbc2401 elementor-section-boxed elementor-section-height-default elementor-section-height-default\" data-id=\"dbc2401\" data-element_type=\"section\" data-e-type=\"section\">\n\t\t\t\t\t\t<div class=\"elementor-container elementor-column-gap-default\">\n\t\t\t\t\t<div class=\"elementor-column elementor-col-100 elementor-top-column elementor-element elementor-element-9e79582\" data-id=\"9e79582\" data-element_type=\"column\" data-e-type=\"column\">\n\t\t\t<div class=\"elementor-widget-wrap elementor-element-populated\">\n\t\t\t\t\t\t<div class=\"elementor-element elementor-element-08d5bf0 elementor-widget elementor-widget-text-editor\" data-id=\"08d5bf0\" data-element_type=\"widget\" data-e-type=\"widget\" data-widget_type=\"text-editor.default\">\n\t\t\t\t<div class=\"elementor-widget-container\">\n\t\t\t\t\t\t\t\t\t<p>Flores 100% naturales, hechas por manos ecuatorianas<\/p>\t\t\t\t\t\t\t\t<\/div>\n\t\t\t\t<\/div>\n\t\t\t\t<div class=\"elementor-element elementor-element-956b223 elementor-view-default elementor-widget elementor-widget-icon\" data-id=\"956b223\" data-element_type=\"widget\" data-e-type=\"widget\" data-widget_type=\"icon.default\">\n\t\t\t\t<div class=\"elementor-widget-container\">\n\t\t\t\t\t\t\t<div class=\"elementor-icon-wrapper\">\n\t\t\t<div class=\"elementor-icon\">\n\t\t\t<i aria-hidden=\"true\" class=\"fas fa-recycle\"><\/i>\t\t\t<\/div>\n\t\t<\/div>\n\t\t\t\t\t\t<\/div>\n\t\t\t\t<\/div>\n\t\t\t\t<div class=\"elementor-element elementor-element-96cca44 elementor-widget elementor-widget-heading\" data-id=\"96cca44\" data-element_type=\"widget\" data-e-type=\"widget\" data-widget_type=\"heading.default\">\n\t\t\t\t<div class=\"elementor-widget-container\">\n\t\t\t\t\t<h2 class=\"elementor-heading-title elementor-size-default\">FLORES PRESERVADAS<\/h2>\t\t\t\t<\/div>\n\t\t\t\t<\/div>\n\t\t\t\t<div class=\"elementor-element elementor-element-75b89ca elementor-widget elementor-widget-text-editor\" data-id=\"75b89ca\" data-element_type=\"widget\" data-e-type=\"widget\" data-widget_type=\"text-editor.default\">\n\t\t\t\t<div class=\"elementor-widget-container\">\n\t\t\t\t\t\t\t\t\t<p>PRECAUCI\u00d3N: Las flores no son comestibles y pueden manchar.<\/p>\t\t\t\t\t\t\t\t<\/div>\n\t\t\t\t<\/div>\n\t\t\t\t<div class=\"elementor-element elementor-element-cf073c1 elementor-widget-divider--view-line elementor-widget elementor-widget-divider\" data-id=\"cf073c1\" data-element_type=\"widget\" data-e-type=\"widget\" data-widget_type=\"divider.default\">\n\t\t\t\t<div class=\"elementor-widget-container\">\n\t\t\t\t\t\t\t<div class=\"elementor-divider\">\n\t\t\t<span class=\"elementor-divider-separator\">\n\t\t\t\t\t\t<\/span>\n\t\t<\/div>\n\t\t\t\t\t\t<\/div>\n\t\t\t\t<\/div>\n\t\t\t\t<div class=\"elementor-element elementor-element-a710bd5 elementor-widget elementor-widget-text-editor\" data-id=\"a710bd5\" data-element_type=\"widget\" data-e-type=\"widget\" data-widget_type=\"text-editor.default\">\n\t\t\t\t<div class=\"elementor-widget-container\">\n\t\t\t\t\t\t\t\t\t<p>Si sigues estas sencillas instrucciones, la flor durar\u00e1 m\u00e1s de un a\u00f1o.<\/p>\t\t\t\t\t\t\t\t<\/div>\n\t\t\t\t<\/div>\n\t\t\t\t\t<\/div>\n\t\t<\/div>\n\t\t\t\t\t<\/div>\n\t\t<\/section>\n\t\t\t\t<\/div>","protected":false},"excerpt":{"rendered":"<p>Si sigues estas sencillas instrucciones, la flor durar\u00e1 m\u00e1s de un a\u00f1o.<\/p>","protected":false},"author":1,"featured_media":0,"parent":0,"menu_order":0,"comment_status":"closed","ping_status":"closed","template":"elementor_header_footer","meta":{"footnotes":""},"class_list":["post-2580","page","type-page","status-publish","hentry"],"aioseo_notices":[],"_links":{"self":[{"href":"https:\/\/roseamor.com\/es\/wp-json\/wp\/v2\/pages\/2580","targetHints":{"allow":["GET"]}}],"collection":[{"href":"https:\/\/roseamor.com\/es\/wp-json\/wp\/v2\/pages"}],"about":[{"href":"https:\/\/roseamor.com\/es\/wp-json\/wp\/v2\/types\/page"}],"author":[{"embeddable":true,"href":"https:\/\/roseamor.com\/es\/wp-json\/wp\/v2\/users\/1"}],"replies":[{"embeddable":true,"href":"https:\/\/roseamor.com\/es\/wp-json\/wp\/v2\/comments?post=2580"}],"version-history":[{"count":3,"href":"https:\/\/roseamor.com\/es\/wp-json\/wp\/v2\/pages\/2580\/revisions"}],"predecessor-version":[{"id":4130,"href":"https:\/\/roseamor.com\/es\/wp-json\/wp\/v2\/pages\/2580\/revisions\/4130"}],"wp:attachment":[{"href":"https:\/\/roseamor.com\/es\/wp-json\/wp\/v2\/media?parent=2580"}],"curies":[{"name":"wp","href":"https:\/\/api.w.org\/{rel}","templated":true}]}}